{"id":14,"date":"2017-07-07T10:52:45","date_gmt":"2017-07-07T10:52:45","guid":{"rendered":"http:\/\/fanconi.info\/?page_id=14"},"modified":"2017-07-07T10:52:45","modified_gmt":"2017-07-07T10:52:45","slug":"fanconi-anaemie-und-krebs","status":"publish","type":"page","link":"https:\/\/fanconi.eu\/?page_id=14","title":{"rendered":"Fanconi-An\u00e4mie und Krebs"},"content":{"rendered":"<p>Menschen mit Fanconi-An\u00e4mie haben ein wesentlich h\u00f6heres Risiko als gesunde Personen an Leuk\u00e4mie (AML), Schleimhautkarzinomen und anderen Krebsformen zu erkranken.<\/p>\n<h2>Leuk\u00e4mie<\/h2>\n<p>Leuk\u00e4mie ist eine b\u00f6sartige Erkrankung des blutbildenden Systems, bei dem das Knochenmark gro\u00dfe Mengen unreifer wei\u00dfer Blutzellen produziert, welche Blasten genannt werden. Diese verbreiten sich schnell und unterdr\u00fccken die Entwicklung gesunder Blutzellen.<\/p>\n<p>Wenn Leuk\u00e4mie unbehandelt bleibt, sind unkontrollierbare Infektionen, Blutungen und schlie\u00dflich der Tod die Folge. Der Leuk\u00e4mie-Typ, der bei FA-Patienten auftritt, hei\u00dft akute myeloische Leuk\u00e4mie (AML).<\/p>\n<h2>Andere Krebsformen<\/h2>\n<p>FA-Patienten haben ein hohes Risiko an Schleimhautkarzinomen z.B. des Mundes, der Speiser\u00f6hre oder des Genitalbereichs zu erkranken und dies in einem fr\u00fcheren Alter als Personen ohne FA. Regelm\u00e4\u00dfige \u00e4rztliche Kontrollen sind daher unerl\u00e4sslich. Dies gilt auch f\u00fcr FA-Patienten, welche eine Knochenmarktransplantation erhalten haben.<\/p>\n<p>Stand: Mai 2005<\/p>\n","protected":false},"excerpt":{"rendered":"<p>Menschen mit Fanconi-An\u00e4mie haben ein wesentlich h\u00f6heres Risiko als gesunde Personen an Leuk\u00e4mie (AML), Schleimhautkarzinomen und anderen Krebsformen zu erkranken. Leuk\u00e4mie Leuk\u00e4mie ist eine b\u00f6sartige Erkrankung des blutbildenden Systems, bei dem das Knochenmark gro\u00dfe Mengen unreifer wei\u00dfer Blutzellen produziert, welche Blasten genannt werden. Diese verbreiten sich schnell und unterdr\u00fccken die Entwicklung gesunder Blutzellen. Wenn Leuk\u00e4mie &hellip; <\/p>\n<p><a class=\"more-link btn\" href=\"https:\/\/fanconi.eu\/?page_id=14\">Weiterlesen<\/a><\/p>\n","protected":false},"author":1,"featured_media":0,"parent":10,"menu_order":4,"comment_status":"closed","ping_status":"closed","template":"","meta":{"footnotes":""},"class_list":["post-14","page","type-page","status-publish","hentry","nodate","item-wrap"],"_links":{"self":[{"href":"https:\/\/fanconi.eu\/index.php?rest_route=\/wp\/v2\/pages\/14","targetHints":{"allow":["GET"]}}],"collection":[{"href":"https:\/\/fanconi.eu\/index.php?rest_route=\/wp\/v2\/pages"}],"about":[{"href":"https:\/\/fanconi.eu\/index.php?rest_route=\/wp\/v2\/types\/page"}],"author":[{"embeddable":true,"href":"https:\/\/fanconi.eu\/index.php?rest_route=\/wp\/v2\/users\/1"}],"replies":[{"embeddable":true,"href":"https:\/\/fanconi.eu\/index.php?rest_route=%2Fwp%2Fv2%2Fcomments&post=14"}],"version-history":[{"count":0,"href":"https:\/\/fanconi.eu\/index.php?rest_route=\/wp\/v2\/pages\/14\/revisions"}],"up":[{"embeddable":true,"href":"https:\/\/fanconi.eu\/index.php?rest_route=\/wp\/v2\/pages\/10"}],"wp:attachment":[{"href":"https:\/\/fanconi.eu\/index.php?rest_route=%2Fwp%2Fv2%2Fmedia&parent=14"}],"curies":[{"name":"wp","href":"https:\/\/api.w.org\/{rel}","templated":true}]}}