{"id":15,"date":"2017-07-07T10:53:29","date_gmt":"2017-07-07T10:53:29","guid":{"rendered":"http:\/\/fanconi.info\/?page_id=15"},"modified":"2017-07-07T10:53:29","modified_gmt":"2017-07-07T10:53:29","slug":"unseren-aktuellen-ziele","status":"publish","type":"page","link":"https:\/\/fanconi.eu\/?page_id=15","title":{"rendered":"Unseren aktuellen Ziele"},"content":{"rendered":"<p>Verbesserung der Diagnostik und Therapiem\u00f6glichkeiten bei Fanconi-An\u00e4mie.<\/p>\n<p>F\u00f6rderung medizinischer und wissenschaftlicher Forschung.<\/p>\n<p>F\u00f6rderung des Austausches und des Kontakts der der jungen FA-Patienten untereinander.<\/p>\n<p>Information der von Fanconi-An\u00e4mie betroffenen Menschen.<\/p>\n<p>F\u00f6rderung der medizinischen Betreuung, Versorgung und Beratung.<\/p>\n<p>F\u00f6rderung sozialer Ma\u00dfnahmen und Belange.<\/p>\n","protected":false},"excerpt":{"rendered":"<p>Verbesserung der Diagnostik und Therapiem\u00f6glichkeiten bei Fanconi-An\u00e4mie. F\u00f6rderung medizinischer und wissenschaftlicher Forschung. F\u00f6rderung des Austausches und des Kontakts der der jungen FA-Patienten untereinander. Information der von Fanconi-An\u00e4mie betroffenen Menschen. F\u00f6rderung der medizinischen Betreuung, Versorgung und Beratung. F\u00f6rderung sozialer Ma\u00dfnahmen und Belange.<\/p>\n","protected":false},"author":1,"featured_media":0,"parent":0,"menu_order":2,"comment_status":"closed","ping_status":"closed","template":"","meta":{"footnotes":""},"class_list":["post-15","page","type-page","status-publish","hentry","nodate","item-wrap"],"_links":{"self":[{"href":"https:\/\/fanconi.eu\/index.php?rest_route=\/wp\/v2\/pages\/15","targetHints":{"allow":["GET"]}}],"collection":[{"href":"https:\/\/fanconi.eu\/index.php?rest_route=\/wp\/v2\/pages"}],"about":[{"href":"https:\/\/fanconi.eu\/index.php?rest_route=\/wp\/v2\/types\/page"}],"author":[{"embeddable":true,"href":"https:\/\/fanconi.eu\/index.php?rest_route=\/wp\/v2\/users\/1"}],"replies":[{"embeddable":true,"href":"https:\/\/fanconi.eu\/index.php?rest_route=%2Fwp%2Fv2%2Fcomments&post=15"}],"version-history":[{"count":0,"href":"https:\/\/fanconi.eu\/index.php?rest_route=\/wp\/v2\/pages\/15\/revisions"}],"wp:attachment":[{"href":"https:\/\/fanconi.eu\/index.php?rest_route=%2Fwp%2Fv2%2Fmedia&parent=15"}],"curies":[{"name":"wp","href":"https:\/\/api.w.org\/{rel}","templated":true}]}}