{"id":17,"date":"2017-07-07T11:00:49","date_gmt":"2017-07-07T11:00:49","guid":{"rendered":"http:\/\/fanconi.info\/?page_id=17"},"modified":"2018-12-21T07:03:28","modified_gmt":"2018-12-21T07:03:28","slug":"links","status":"publish","type":"page","link":"https:\/\/fanconi.eu\/?page_id=17","title":{"rendered":"Links"},"content":{"rendered":"<ul>\n<li><a href=\"https:\/\/www.buergerstiftungbraunschweig.de\/ueber-uns\/treuhandstiftungen-und-stifter-fonds\/stiftung\/?tx_dataviewer_record%5Brecord%5D=566&amp;tx_dataviewer_record%5Baction%5D=dynamicDetail&amp;tx_dataviewer_record%5Bcontroller%5D=Record&amp;cHash=90a28c3ce9a02ae71cc71cf6842a221c\" target=\"_blank\" rel=\"noopener\">Die Seite der Fanconi-An\u00e4mie-Stiftung bei der B\u00fcrgerstiftung Braunschweig<\/a><\/li>\n<li><a href=\"https:\/\/www.fanconi.de\/\" target=\"_blank\" rel=\"noopener\">Deutsche Fanconi-An\u00e4mie-Hilfe e.V.<\/a><\/li>\n<li><a href=\"https:\/\/www.ms-sweety.de\/\" target=\"_blank\" rel=\"noopener\">Markus S\u00fc\u00dfe<\/a><\/li>\n<li><a href=\"https:\/\/www.gerhard-ultra.de\/\" target=\"_blank\" rel=\"noopener\">Sportbotschafter des AFA und Ultral\u00e4ufer Gerhard Albert<\/a><\/li>\n<\/ul>\n<p>Weitere Informationen zu FA finden Sie u.a. auch bei <a href=\"https:\/\/de.wikipedia.org\/wiki\/Fanconi-An\u00e4mie\" target=\"_blank\" rel=\"noopener\">Wikipedia<\/a>.<\/p>\n","protected":false},"excerpt":{"rendered":"<p>Die Seite der Fanconi-An\u00e4mie-Stiftung bei der B\u00fcrgerstiftung Braunschweig Deutsche Fanconi-An\u00e4mie-Hilfe e.V. Markus S\u00fc\u00dfe Sportbotschafter des AFA und Ultral\u00e4ufer Gerhard Albert Weitere Informationen zu FA finden Sie u.a. auch bei Wikipedia.<\/p>\n","protected":false},"author":1,"featured_media":0,"parent":0,"menu_order":4,"comment_status":"closed","ping_status":"closed","template":"","meta":{"footnotes":""},"class_list":["post-17","page","type-page","status-publish","hentry","nodate","item-wrap"],"_links":{"self":[{"href":"https:\/\/fanconi.eu\/index.php?rest_route=\/wp\/v2\/pages\/17","targetHints":{"allow":["GET"]}}],"collection":[{"href":"https:\/\/fanconi.eu\/index.php?rest_route=\/wp\/v2\/pages"}],"about":[{"href":"https:\/\/fanconi.eu\/index.php?rest_route=\/wp\/v2\/types\/page"}],"author":[{"embeddable":true,"href":"https:\/\/fanconi.eu\/index.php?rest_route=\/wp\/v2\/users\/1"}],"replies":[{"embeddable":true,"href":"https:\/\/fanconi.eu\/index.php?rest_route=%2Fwp%2Fv2%2Fcomments&post=17"}],"version-history":[{"count":4,"href":"https:\/\/fanconi.eu\/index.php?rest_route=\/wp\/v2\/pages\/17\/revisions"}],"predecessor-version":[{"id":103,"href":"https:\/\/fanconi.eu\/index.php?rest_route=\/wp\/v2\/pages\/17\/revisions\/103"}],"wp:attachment":[{"href":"https:\/\/fanconi.eu\/index.php?rest_route=%2Fwp%2Fv2%2Fmedia&parent=17"}],"curies":[{"name":"wp","href":"https:\/\/api.w.org\/{rel}","templated":true}]}}