{"id":8,"date":"2017-07-07T10:43:30","date_gmt":"2017-07-07T10:43:30","guid":{"rendered":"http:\/\/fanconi.info\/?page_id=8"},"modified":"2019-01-11T10:44:30","modified_gmt":"2019-01-11T10:44:30","slug":"herzlich-willkommen-bei-der-fanconi-anaemie-stiftung","status":"publish","type":"page","link":"https:\/\/fanconi.eu\/","title":{"rendered":"Herzlich Willkommen bei der Fanconi-An\u00e4mie Stiftung!"},"content":{"rendered":"<p><img loading=\"lazy\" decoding=\"async\" class=\"\" src=\"https:\/\/fanconi.eu\/wp-content\/uploads\/logo_fanconi.png\" width=\"271\" height=\"132\" \/><\/p>\n<p>Unser Aktionskreis Fanconi-An\u00e4mie e.V. war ein Verein nach deutschem Recht, am 11. 12. 2004 in Kronach gegr\u00fcndet. Nach 10 j\u00e4hrigem erfolgreichen Wirken wurde im Dezember 2014 die Aufl\u00f6sung des AFA von der Mitgliederversammlung beschlossen.<\/p>\n<p>Unser Ziel als Selbsthilfeorganisation war es, Fanconi-An\u00e4mie-Patienten, deren Angeh\u00f6rige und Freunde deutschlandweit zu unterst\u00fctzen. Hierbei halfen uns eigene Erfahrungen, sowie eine enge und vertrauensvolle Zusammenarbeit mit unseren \u00c4rzten und Wissenschaftlern.<\/p>\n<p>Wir sind sehr dankbar, dass unser Vorhaben auch von vielen Familien und F\u00f6rderern mitgetragen wurde, die nicht unmittelbar mit Fanconi-An\u00e4mie konfrontiert sind!<\/p>\n<p>Um die <strong>FANCONI-AN\u00c4MIE-ARBEIT DAUERHAFT ZU GEW\u00c4HRLEISTEN<\/strong>, wurde vom AFA, 2006, in Kronach, die <strong>Fanconi-An\u00e4mie Stiftung<\/strong> gegr\u00fcndet. Seit April 2009 ist die B\u00fcrgerstiftung Braunschweig die Treuh\u00e4nderin.<\/p>\n","protected":false},"excerpt":{"rendered":"<p>Unser Aktionskreis Fanconi-An\u00e4mie e.V. war ein Verein nach deutschem Recht, am 11. 12. 2004 in Kronach gegr\u00fcndet. Nach 10 j\u00e4hrigem erfolgreichen Wirken wurde im Dezember 2014 die Aufl\u00f6sung des AFA von der Mitgliederversammlung beschlossen. Unser Ziel als Selbsthilfeorganisation war es, Fanconi-An\u00e4mie-Patienten, deren Angeh\u00f6rige und Freunde deutschlandweit zu unterst\u00fctzen. Hierbei halfen uns eigene Erfahrungen, sowie eine &hellip; <\/p>\n<p><a class=\"more-link btn\" href=\"https:\/\/fanconi.eu\/\">Weiterlesen<\/a><\/p>\n","protected":false},"author":1,"featured_media":0,"parent":0,"menu_order":0,"comment_status":"closed","ping_status":"closed","template":"","meta":{"footnotes":""},"class_list":["post-8","page","type-page","status-publish","hentry","nodate","item-wrap"],"_links":{"self":[{"href":"https:\/\/fanconi.eu\/index.php?rest_route=\/wp\/v2\/pages\/8","targetHints":{"allow":["GET"]}}],"collection":[{"href":"https:\/\/fanconi.eu\/index.php?rest_route=\/wp\/v2\/pages"}],"about":[{"href":"https:\/\/fanconi.eu\/index.php?rest_route=\/wp\/v2\/types\/page"}],"author":[{"embeddable":true,"href":"https:\/\/fanconi.eu\/index.php?rest_route=\/wp\/v2\/users\/1"}],"replies":[{"embeddable":true,"href":"https:\/\/fanconi.eu\/index.php?rest_route=%2Fwp%2Fv2%2Fcomments&post=8"}],"version-history":[{"count":18,"href":"https:\/\/fanconi.eu\/index.php?rest_route=\/wp\/v2\/pages\/8\/revisions"}],"predecessor-version":[{"id":105,"href":"https:\/\/fanconi.eu\/index.php?rest_route=\/wp\/v2\/pages\/8\/revisions\/105"}],"wp:attachment":[{"href":"https:\/\/fanconi.eu\/index.php?rest_route=%2Fwp%2Fv2%2Fmedia&parent=8"}],"curies":[{"name":"wp","href":"https:\/\/api.w.org\/{rel}","templated":true}]}}